{"id":2,"date":"2026-02-06T17:16:18","date_gmt":"2026-02-06T17:16:18","guid":{"rendered":"http:\/\/nuvita.actisgroup.de\/?page_id=2"},"modified":"2026-02-11T19:54:59","modified_gmt":"2026-02-11T19:54:59","slug":"sample-page","status":"publish","type":"page","link":"https:\/\/nuvita-care.de\/?page_id=2","title":{"rendered":"Beratung"},"content":{"rendered":"\n<h1 class=\"wp-block-heading has-text-color has-link-color wp-elements-de7d539f006cf6e4067991bac8049a02\" style=\"color:#05cd9b\"><strong>Beratung und Projekte<\/strong><\/h1>\n\n\n\n<div class=\"wp-block-group is-content-justification-left is-nowrap is-layout-flex wp-container-core-group-is-layout-fc9f69e7 wp-block-group-is-layout-flex\">\n<div class=\"wp-block-media-text has-media-on-the-right is-stacked-on-mobile is-vertically-aligned-top\" style=\"border-style:none;border-width:0px;padding-top:0;padding-right:0;padding-bottom:0;padding-left:0;grid-template-columns:auto 37%\"><div class=\"wp-block-media-text__content\">\n<p class=\"has-text-align-left\">Als Tr\u00e4ger in der Jugendhilfe sind wir neu, aber in den Bereichen<\/p>\n\n\n\n<ul class=\"wp-block-list is-style-default has-contrast-color has-text-color has-link-color wp-elements-0509af1fa890ad50ee0b94118380eca7\">\n<li>Konzeptentwicklung<\/li>\n\n\n\n<li>Organisations- und Personalberatung<\/li>\n\n\n\n<li>Prozessdesign<\/li>\n\n\n\n<li>Mitarbeiterqualifikation<\/li>\n\n\n\n<li>Coaching und Supervision<\/li>\n<\/ul>\n\n\n\n<p>arbeiten wir seit vielen Jahren mit verschiedenen Anbietern zusammen.<\/p>\n<\/div><figure class=\"wp-block-media-text__media\"><img loading=\"lazy\" decoding=\"async\" width=\"830\" height=\"830\" src=\"https:\/\/nuvita-care.de\/wp-content\/uploads\/2026\/02\/2147785304-e1770582652222.jpg\" alt=\"\" class=\"wp-image-177 size-full\" srcset=\"https:\/\/nuvita-care.de\/wp-content\/uploads\/2026\/02\/2147785304-e1770582652222.jpg 830w, https:\/\/nuvita-care.de\/wp-content\/uploads\/2026\/02\/2147785304-e1770582652222-300x300.jpg 300w, https:\/\/nuvita-care.de\/wp-content\/uploads\/2026\/02\/2147785304-e1770582652222-150x150.jpg 150w, https:\/\/nuvita-care.de\/wp-content\/uploads\/2026\/02\/2147785304-e1770582652222-768x768.jpg 768w\" sizes=\"auto, (max-width: 830px) 100vw, 830px\" \/><\/figure><\/div>\n<\/div>\n\n\n\n<blockquote class=\"wp-block-quote is-layout-flow wp-block-quote-is-layout-flow\">\n<p>Wir bauen unser Angebot auf einen breiten Fundus fachlicher und methodischer Erfahrung und verschiedene in der Praxis gut funktionierende Angebote in der Jugendhilfe. <\/p>\n<\/blockquote>\n\n\n\n<h2 class=\"wp-block-heading has-text-color has-link-color wp-elements-a65ade47e3ab450a30dee3367b407a66\" style=\"color:#05cd9b\"><strong>Warum mit Nuvita arbeiten?<\/strong><\/h2>\n\n\n\n<blockquote class=\"wp-block-quote is-layout-flow wp-block-quote-is-layout-flow\">\n<p>Sie haben Interesse an zuverl\u00e4ssigen und gut verf\u00fcgbaren Angeboten mit innovativen und wirksamen Interventionskonzepten?<br><br>Aufgrund unserer oben aufgef\u00fchrten Erfahrung und Kooperation mit verschiedenen Tr\u00e4gern bieten wir einen fachlich fundierten, adaptiven Ansatz zur Entwicklung station\u00e4rer Angebote.<\/p>\n<\/blockquote>\n\n\n\n<p><\/p>\n","protected":false},"excerpt":{"rendered":"<p>Beratung und Projekte Als Tr\u00e4ger in der Jugendhilfe sind wir neu, aber in den Bereichen arbeiten wir seit vielen Jahren mit verschiedenen Anbietern zusammen. Wir bauen unser Angebot auf einen breiten Fundus fachlicher und methodischer Erfahrung und verschiedene in der Praxis gut funktionierende Angebote in der Jugendhilfe. Warum mit Nuvita arbeiten? Sie haben Interesse an [&hellip;]<\/p>\n","protected":false},"author":1,"featured_media":0,"parent":0,"menu_order":0,"comment_status":"closed","ping_status":"closed","template":"","meta":{"footnotes":""},"class_list":["post-2","page","type-page","status-publish","hentry"],"_links":{"self":[{"href":"https:\/\/nuvita-care.de\/index.php?rest_route=\/wp\/v2\/pages\/2","targetHints":{"allow":["GET"]}}],"collection":[{"href":"https:\/\/nuvita-care.de\/index.php?rest_route=\/wp\/v2\/pages"}],"about":[{"href":"https:\/\/nuvita-care.de\/index.php?rest_route=\/wp\/v2\/types\/page"}],"author":[{"embeddable":true,"href":"https:\/\/nuvita-care.de\/index.php?rest_route=\/wp\/v2\/users\/1"}],"replies":[{"embeddable":true,"href":"https:\/\/nuvita-care.de\/index.php?rest_route=%2Fwp%2Fv2%2Fcomments&post=2"}],"version-history":[{"count":31,"href":"https:\/\/nuvita-care.de\/index.php?rest_route=\/wp\/v2\/pages\/2\/revisions"}],"predecessor-version":[{"id":274,"href":"https:\/\/nuvita-care.de\/index.php?rest_route=\/wp\/v2\/pages\/2\/revisions\/274"}],"wp:attachment":[{"href":"https:\/\/nuvita-care.de\/index.php?rest_route=%2Fwp%2Fv2%2Fmedia&parent=2"}],"curies":[{"name":"wp","href":"https:\/\/api.w.org\/{rel}","templated":true}]}}