{"id":148,"date":"2026-02-08T11:40:49","date_gmt":"2026-02-08T11:40:49","guid":{"rendered":"http:\/\/nuvita.actisgroup.de\/?page_id=148"},"modified":"2026-02-08T19:29:02","modified_gmt":"2026-02-08T19:29:02","slug":"impressum","status":"publish","type":"page","link":"https:\/\/nuvita-care.de\/?page_id=148","title":{"rendered":"Impressum"},"content":{"rendered":"\n<h2 class=\"wp-block-heading has-text-color has-link-color wp-elements-140ef5a9eba21da0a680ee71e228bca1\" style=\"color:#05cd9b\"><strong>Impressum<\/strong><\/h2>\n\n\n\n<p class=\"has-contrast-color has-text-color has-link-color wp-elements-6f0d73cdf1258f46cc60e3550f0d3f46\">Dieses Internetangebot wird betrieben durch<br><br><strong>NUVITA <\/strong>GbR<br>Wingertstra\u00dfe 28<br>60316 Frankfurt am Main<\/p>\n\n\n\n<p>Telefon: +49 69 95 509 509-0<\/p>\n\n\n\n<p>E-mail: info[at]nuvita-jugendhilfe.de<\/p>\n\n\n\n<p>Gesch\u00e4ftsf\u00fchrer: J\u00fcrgen Br\u00f6cher, Gebhard Janssen<br><\/p>\n\n\n\n<p><strong>Haftungshinweis:<br><\/strong>Trotz sorgf\u00e4ltiger inhaltlicher Kontrolle \u00fcbernehmen wir keine Haftung f\u00fcr die Inhalte externer Links. F\u00fcr den Inhalt der verlinkten Seiten sind ausschlie\u00dflich deren Betreiber verantwortlich.&nbsp;<\/p>\n\n\n\n<p>S\u00e4mtliche angebotenen Informationen d\u00fcrfen &#8211; auch auszugsweise &#8211; nur mit unserer schriftlichen Genehmigung weiterverbreitet oder anderweitig ver\u00f6ffentlicht werden. Keinesfalls ist es gestattet, die abgerufenen Informationen online oder auf andere Medien weiterzuverbreiten oder kommerziell zu nutzen.<\/p>\n\n\n\n<p><strong>Verantwortlich f\u00fcr den Inhalt gem\u00e4\u00df \u00a710 Abs. 3 MDStV.:<br><\/strong>Nuvita GbR<\/p>\n\n\n\n<p>Bildnachweis:<br>Alle Bilder: freepic.com<\/p>\n\n\n\n<p>\u00a9 2026 Nuvita Jugendhilfe GbR. Alle Rechte vorbehalten.<\/p>\n","protected":false},"excerpt":{"rendered":"<p>Impressum Dieses Internetangebot wird betrieben durch NUVITA GbRWingertstra\u00dfe 2860316 Frankfurt am Main Telefon: +49 69 95 509 509-0 E-mail: info[at]nuvita-jugendhilfe.de Gesch\u00e4ftsf\u00fchrer: J\u00fcrgen Br\u00f6cher, Gebhard Janssen Haftungshinweis:Trotz sorgf\u00e4ltiger inhaltlicher Kontrolle \u00fcbernehmen wir keine Haftung f\u00fcr die Inhalte externer Links. F\u00fcr den Inhalt der verlinkten Seiten sind ausschlie\u00dflich deren Betreiber verantwortlich.&nbsp; S\u00e4mtliche angebotenen Informationen d\u00fcrfen &#8211; auch [&hellip;]<\/p>\n","protected":false},"author":1,"featured_media":0,"parent":0,"menu_order":0,"comment_status":"closed","ping_status":"closed","template":"","meta":{"footnotes":""},"class_list":["post-148","page","type-page","status-publish","hentry"],"_links":{"self":[{"href":"https:\/\/nuvita-care.de\/index.php?rest_route=\/wp\/v2\/pages\/148","targetHints":{"allow":["GET"]}}],"collection":[{"href":"https:\/\/nuvita-care.de\/index.php?rest_route=\/wp\/v2\/pages"}],"about":[{"href":"https:\/\/nuvita-care.de\/index.php?rest_route=\/wp\/v2\/types\/page"}],"author":[{"embeddable":true,"href":"https:\/\/nuvita-care.de\/index.php?rest_route=\/wp\/v2\/users\/1"}],"replies":[{"embeddable":true,"href":"https:\/\/nuvita-care.de\/index.php?rest_route=%2Fwp%2Fv2%2Fcomments&post=148"}],"version-history":[{"count":3,"href":"https:\/\/nuvita-care.de\/index.php?rest_route=\/wp\/v2\/pages\/148\/revisions"}],"predecessor-version":[{"id":160,"href":"https:\/\/nuvita-care.de\/index.php?rest_route=\/wp\/v2\/pages\/148\/revisions\/160"}],"wp:attachment":[{"href":"https:\/\/nuvita-care.de\/index.php?rest_route=%2Fwp%2Fv2%2Fmedia&parent=148"}],"curies":[{"name":"wp","href":"https:\/\/api.w.org\/{rel}","templated":true}]}}